{"id":4145,"date":"2024-07-05T14:58:16","date_gmt":"2024-07-05T14:58:16","guid":{"rendered":"https:\/\/nordic.noglen.com\/juridiskt-meddelande\/"},"modified":"2025-11-04T12:33:12","modified_gmt":"2025-11-04T12:33:12","slug":"juridisk-information","status":"publish","type":"page","link":"https:\/\/nordicdentalcentre.com\/sv\/juridisk-information\/","title":{"rendered":"Juridiskt meddelande"},"content":{"rendered":"\t\t<div data-elementor-type=\"wp-post\" data-elementor-id=\"4145\" class=\"elementor elementor-4145 elementor-2610\">\n\t\t\t\t\t\t<section class=\"elementor-section elementor-top-section elementor-element elementor-element-532fb21 elementor-section-content-middle elementor-section-full_width elementor-section-height-full elementor-section-height-default elementor-section-items-middle\" data-id=\"532fb21\" data-element_type=\"section\" data-e-type=\"section\" data-settings=\"{&quot;background_background&quot;:&quot;classic&quot;}\">\n\t\t\t\t\t\t\t<div class=\"elementor-background-overlay\"><\/div>\n\t\t\t\t\t\t\t<div class=\"elementor-container elementor-column-gap-no\">\n\t\t\t\t\t<div class=\"elementor-column elementor-col-100 elementor-top-column elementor-element elementor-element-02bc5e4 animated-slow elementor-invisible\" data-id=\"02bc5e4\" data-element_type=\"column\" data-e-type=\"column\" data-settings=\"{&quot;animation&quot;:&quot;fadeInUp&quot;}\">\n\t\t\t<div class=\"elementor-widget-wrap elementor-element-populated\">\n\t\t\t\t\t\t<div class=\"elementor-element elementor-element-89fa1bb elementor-widget elementor-widget-heading\" data-id=\"89fa1bb\" data-element_type=\"widget\" data-e-type=\"widget\" data-widget_type=\"heading.default\">\n\t\t\t\t<div class=\"elementor-widget-container\">\n\t\t\t\t\t<h1 class=\"elementor-heading-title elementor-size-default\">Juridisk information<\/h1>\t\t\t\t<\/div>\n\t\t\t\t<\/div>\n\t\t\t\t<div class=\"elementor-element elementor-element-749103f elementor-widget-divider--view-line elementor-widget elementor-widget-divider\" data-id=\"749103f\" data-element_type=\"widget\" data-e-type=\"widget\" data-widget_type=\"divider.default\">\n\t\t\t\t<div class=\"elementor-widget-container\">\n\t\t\t\t\t\t\t<div class=\"elementor-divider\">\n\t\t\t<span class=\"elementor-divider-separator\">\n\t\t\t\t\t\t<\/span>\n\t\t<\/div>\n\t\t\t\t\t\t<\/div>\n\t\t\t\t<\/div>\n\t\t\t\t\t<\/div>\n\t\t<\/div>\n\t\t\t\t\t<\/div>\n\t\t<\/section>\n\t\t<div class=\"elementor-element elementor-element-f6e941a e-flex e-con-boxed e-con e-parent\" data-id=\"f6e941a\" data-element_type=\"container\" data-e-type=\"container\">\n\t\t\t\t\t<div class=\"e-con-inner\">\n\t\t\t\t<div class=\"elementor-element elementor-element-76af5cd elementor-widget elementor-widget-heading\" data-id=\"76af5cd\" data-element_type=\"widget\" data-e-type=\"widget\" data-widget_type=\"heading.default\">\n\t\t\t\t<div class=\"elementor-widget-container\">\n\t\t\t\t\t<h2 class=\"elementor-heading-title elementor-size-default\">Juridisk information<\/h2>\t\t\t\t<\/div>\n\t\t\t\t<\/div>\n\t\t\t\t<div class=\"elementor-element elementor-element-bf23647 elementor-widget elementor-widget-text-editor\" data-id=\"bf23647\" data-element_type=\"widget\" data-e-type=\"widget\" data-widget_type=\"text-editor.default\">\n\t\t\t\t<div class=\"elementor-widget-container\">\n\t\t\t\t\t\t\t\t\t<p>F\u00f6retagets namn: <\/p>\n<p>Handelsnamn: <\/p>\n<p>Registrerat kontor: <\/p>\n<p>Telefon: (+34) <\/p>\n<p>E-Mail: <\/p>\n<p>CIF \/ NIF: <\/p>\n<p><b>Objekt<\/b><\/p>\n<p>Leverant\u00f6ren, som ansvarar f\u00f6r webbplatsen, tillhandah\u00e5ller anv\u00e4ndarna detta dokument med vilket den avser att uppfylla de skyldigheter som fastst\u00e4lls i lag 34\/2002, om informationssamh\u00e4llets tj\u00e4nster och elektronisk handel (LSSI-CE), samt informera alla anv\u00e4ndare av webbplatsen om villkoren f\u00f6r anv\u00e4ndning av webbplatsen.<\/p>\n<p>Varje person som bes\u00f6ker denna webbplats tar p\u00e5 sig rollen som anv\u00e4ndare och \u00e5tar sig att strikt iaktta och f\u00f6lja best\u00e4mmelserna h\u00e4ri, liksom alla andra r\u00e4ttsliga best\u00e4mmelser som kan vara till\u00e4mpliga.<\/p>\n<p>Leverant\u00f6ren f\u00f6rbeh\u00e5ller sig r\u00e4tten att \u00e4ndra alla typer av information som kan f\u00f6rekomma p\u00e5 webbplatsen, utan att det finns n\u00e5gon skyldighet att meddela detta i f\u00f6rv\u00e4g eller informera anv\u00e4ndarna om dessa skyldigheter, varvid publicering p\u00e5 leverant\u00f6rens webbplats anses vara tillr\u00e4ckligt.<\/p>\n<p><b>Ansvarsfullhet<\/b><\/p>\n<p>Leverant\u00f6ren fr\u00e5ns\u00e4ger sig allt ansvar f\u00f6r den information som publiceras p\u00e5 dess webbplats, f\u00f6rutsatt att denna information har manipulerats eller inf\u00f6rts av en tredje part utanf\u00f6r densamma.<\/p>\n<p>Det \u00e4r m\u00f6jligt att kundens webbplats kan komma att omdirigera till inneh\u00e5ll p\u00e5 tredje parts webbplatser. Med tanke p\u00e5 att leverant\u00f6ren inte alltid kan kontrollera det inneh\u00e5ll som tredje part publicerar p\u00e5 sina webbplatser, tar leverant\u00f6ren inget som helst ansvar f\u00f6r s\u00e5dant inneh\u00e5ll. I vilket fall som helst anger leverant\u00f6ren att den omedelbart kommer att ta bort allt inneh\u00e5ll som kan strida mot nationell eller internationell lagstiftning, moral eller allm\u00e4n ordning, forts\u00e4tta med det omedelbara tillbakadragandet av omdirigeringen till n\u00e4mnda webbplats och informera de beh\u00f6riga myndigheterna om inneh\u00e5llet i fr\u00e5ga.  <\/p>\n<p>Leverant\u00f6ren \u00e4r inte ansvarig f\u00f6r den information och det inneh\u00e5ll som lagras, inklusive men inte begr\u00e4nsat till, i forum, chattar, blogggeneratorer, kommentarer, sociala n\u00e4tverk eller n\u00e5got annat s\u00e4tt som g\u00f6r det m\u00f6jligt f\u00f6r tredje part att publicera inneh\u00e5ll oberoende p\u00e5 leverant\u00f6rens webbplats. I enlighet med best\u00e4mmelserna i artikel 11 och 16 i LSSI-CE \u00e4r leverant\u00f6ren dock tillg\u00e4nglig f\u00f6r alla anv\u00e4ndare, myndigheter och s\u00e4kerhetsstyrkor, och samarbetar aktivt f\u00f6r att ta bort eller blockera allt inneh\u00e5ll som kan p\u00e5verka eller strida mot nationell eller internationell lagstiftning, tredje parts r\u00e4ttigheter eller moral och allm\u00e4n ordning. Om anv\u00e4ndaren anser att det finns n\u00e5got inneh\u00e5ll p\u00e5 webbplatsen som skulle kunna omfattas av denna klassificering, ska anv\u00e4ndaren omedelbart meddela webbplatsens administrat\u00f6r.  <\/p>\n<p>Denna webbplats har kontrollerats och testats f\u00f6r att s\u00e4kerst\u00e4lla att den fungerar korrekt. I princip kan det garanteras att den fungerar korrekt 365 dagar om \u00e5ret, 24 timmar om dygnet. Leverant\u00f6ren utesluter dock inte att det kan f\u00f6rekomma <span style=\"color: #000000;\">vissa programmeringsfel eller force majeure, naturkatastrofer, strejker eller liknande omst\u00e4ndigheter som g\u00f6r det om\u00f6jligt att komma \u00e5t webbplatsen.<\/span>  <\/p>\n<p><span style=\"color: #000000;\"><b>Immateriella och industriella r\u00e4ttigheter<\/b><\/span><\/p>\n<p><span style=\"color: #000000;\">Webbplatsen, inklusive men inte begr\u00e4nsat till dess programmering, redigering, sammanst\u00e4llning och andra element som \u00e4r n\u00f6dv\u00e4ndiga f\u00f6r dess funktion, design, logotyper, text och\/eller grafik, \u00e4r leverant\u00f6rens egendom eller, i f\u00f6rekommande fall, har en licens eller uttryckligt tillst\u00e5nd fr\u00e5n upphovsm\u00e4nnen. Allt inneh\u00e5ll p\u00e5 webbplatsen \u00e4r vederb\u00f6rligen skyddat genom best\u00e4mmelser om immateriell och industriell \u00e4gander\u00e4tt och \u00e4r registrerat i motsvarande offentliga register. <\/span><\/p>\n<p><span style=\"color: #000000;\">Oavsett vilket syfte de var avsedda f\u00f6r, kr\u00e4ver fullst\u00e4ndig eller delvis reproduktion, anv\u00e4ndning, utnyttjande, distribution och marknadsf\u00f6ring under alla omst\u00e4ndigheter skriftligt f\u00f6rhandstillst\u00e5nd fr\u00e5n leverant\u00f6ren. All anv\u00e4ndning som inte tidigare godk\u00e4nts av leverant\u00f6ren kommer att betraktas som ett allvarligt brott mot upphovsmannens immateriella eller industriella \u00e4gander\u00e4tt. <\/span><\/p>\n<p><span style=\"color: #000000;\">De m\u00f6nster, logotyper, texter och\/eller grafik som inte tillh\u00f6r leverant\u00f6ren och som kan f\u00f6rekomma p\u00e5 webbplatsen tillh\u00f6r respektive \u00e4gare, som sj\u00e4lva \u00e4r ansvariga f\u00f6r eventuella kontroverser som kan uppst\u00e5 med avseende p\u00e5 dessa. I vilket fall som helst har leverant\u00f6ren ett uttryckligt f\u00f6rhandsgodk\u00e4nnande av detsamma. <\/span><\/p>\n<p><span style=\"color: #000000;\">Leverant\u00f6ren erk\u00e4nner motsvarande industriella och immateriella r\u00e4ttigheter till f\u00f6rm\u00e5n f\u00f6r deras \u00e4gare, och deras blotta omn\u00e4mnande eller utseende p\u00e5 webbplatsen inneb\u00e4r inte att det finns n\u00e5gra r\u00e4ttigheter eller ansvar \u00f6verhuvudtaget fr\u00e5n leverant\u00f6rens sida med avseende p\u00e5 detsamma, och inte heller n\u00e5got godk\u00e4nnande, sponsring eller rekommendation fr\u00e5n leverant\u00f6rens sida.<\/span><\/p>\n<p><span style=\"color: #000000;\">Om du vill l\u00e4mna synpunkter p\u00e5 eventuella intr\u00e5ng i immateriella eller industriella r\u00e4ttigheter eller p\u00e5 inneh\u00e5llet p\u00e5 webbplatsen kan du g\u00f6ra det genom att skicka ett e-postmeddelande till f\u00f6ljande adress.<\/span><\/p>\n<p><span style=\"color: #000000;\">Integritetspolicy och cookiepolicy<\/span><\/p>\n<p><span style=\"color: #000000;\">I f\u00f6ljande l\u00e4nkar kan du hitta mer information om integritetspolicyn och cookiepolicyn:<\/span><\/p>\n<ul>\n<li aria-level=\"1\"><span style=\"color: #000000;\"><a style=\"color: #000000;\" href=\"https:\/\/nordicdentalcentre.com\/politica-de-privacidad\/\">Integritetspolicy<\/a><\/span><\/li>\n<li aria-level=\"1\"><span style=\"color: #000000;\"><a style=\"color: #000000;\" href=\"https:\/\/nordicdentalcentre.com\/politica-de-cookies\/\">Anv\u00e4ndning av cookies<\/a><\/span><\/li>\n<\/ul>\n\t\t\t\t\t\t\t\t<\/div>\n\t\t\t\t<\/div>\n\t\t\t\t\t<\/div>\n\t\t\t\t<\/div>\n\t\t\t\t<\/div>\n\t\t","protected":false},"excerpt":{"rendered":"<p>Juridisk information Juridisk information F\u00f6retagets namn: Handelsnamn: Registrerat kontor: Telefon: (+34) E-Mail: CIF \/ NIF: Objekt Leverant\u00f6ren, som ansvarar f\u00f6r webbplatsen, tillhandah\u00e5ller anv\u00e4ndarna detta dokument med vilket den avser att uppfylla de skyldigheter som fastst\u00e4lls i lag 34\/2002, om informationssamh\u00e4llets tj\u00e4nster och elektronisk handel (LSSI-CE), samt informera alla anv\u00e4ndare av webbplatsen om villkoren f\u00f6r anv\u00e4ndning [&hellip;]<\/p>\n","protected":false},"author":3,"featured_media":0,"parent":0,"menu_order":0,"comment_status":"closed","ping_status":"closed","template":"","meta":{"_uag_custom_page_level_css":"","site-sidebar-layout":"no-sidebar","site-content-layout":"page-builder","ast-site-content-layout":"full-width-container","site-content-style":"unboxed","site-sidebar-style":"unboxed","ast-global-header-display":"","ast-banner-title-visibility":"","ast-main-header-display":"","ast-hfb-above-header-display":"","ast-hfb-below-header-display":"","ast-hfb-mobile-header-display":"","site-post-title":"disabled","ast-breadcrumbs-content":"","ast-featured-img":"disabled","footer-sml-layout":"","ast-disable-related-posts":"","theme-transparent-header-meta":"enabled","adv-header-id-meta":"","stick-header-meta":"","header-above-stick-meta":"","header-main-stick-meta":"","header-below-stick-meta":"","astra-migrate-meta-layouts":"set","ast-page-background-enabled":"default","ast-page-background-meta":{"desktop":{"background-color":"","background-image":"","background-repeat":"repeat","background-position":"center center","background-size":"auto","background-attachment":"scroll","background-type":"","background-media":"","overlay-type":"","overlay-color":"","overlay-opacity":"","overlay-gradient":""},"tablet":{"background-color":"","background-image":"","background-repeat":"repeat","background-position":"center center","background-size":"auto","background-attachment":"scroll","background-type":"","background-media":"","overlay-type":"","overlay-color":"","overlay-opacity":"","overlay-gradient":""},"mobile":{"background-color":"","background-image":"","background-repeat":"repeat","background-position":"center center","background-size":"auto","background-attachment":"scroll","background-type":"","background-media":"","overlay-type":"","overlay-color":"","overlay-opacity":"","overlay-gradient":""}},"ast-content-background-meta":{"desktop":{"background-color":"var(--ast-global-color-5)","background-image":"","background-repeat":"repeat","background-position":"center center","background-size":"auto","background-attachment":"scroll","background-type":"","background-media":"","overlay-type":"","overlay-color":"","overlay-opacity":"","overlay-gradient":""},"tablet":{"background-color":"var(--ast-global-color-5)","background-image":"","background-repeat":"repeat","background-position":"center center","background-size":"auto","background-attachment":"scroll","background-type":"","background-media":"","overlay-type":"","overlay-color":"","overlay-opacity":"","overlay-gradient":""},"mobile":{"background-color":"var(--ast-global-color-5)","background-image":"","background-repeat":"repeat","background-position":"center center","background-size":"auto","background-attachment":"scroll","background-type":"","background-media":"","overlay-type":"","overlay-color":"","overlay-opacity":"","overlay-gradient":""}},"_joinchat":[],"footnotes":""},"class_list":["post-4145","page","type-page","status-publish","hentry"],"yoast_head":"<!-- This site is optimized with the Yoast SEO plugin v27.1.1 - https:\/\/yoast.com\/product\/yoast-seo-wordpress\/ -->\n<title>Juridisk Information | Nordic Dental Centre<\/title>\n<meta name=\"description\" content=\"L\u00e4s v\u00e5r juridisk information f\u00f6r att f\u00f6rst\u00e5 webbplatsens villkor, ansvarsomr\u00e5den och officiella uppgifter f\u00f6r Nordic Dental Centre.\" \/>\n<meta name=\"robots\" content=\"index, follow, max-snippet:-1, max-image-preview:large, max-video-preview:-1\" \/>\n<link rel=\"canonical\" href=\"https:\/\/nordicdentalcentre.com\/sv\/juridisk-information\/\" \/>\n<meta property=\"og:locale\" content=\"sv_SE\" \/>\n<meta property=\"og:type\" content=\"article\" \/>\n<meta property=\"og:title\" content=\"Juridisk Information | Nordic Dental Centre\" \/>\n<meta property=\"og:description\" content=\"L\u00e4s v\u00e5r juridisk information f\u00f6r att f\u00f6rst\u00e5 webbplatsens villkor, ansvarsomr\u00e5den och officiella uppgifter f\u00f6r Nordic Dental Centre.\" \/>\n<meta property=\"og:url\" content=\"https:\/\/nordicdentalcentre.com\/sv\/juridisk-information\/\" \/>\n<meta property=\"og:site_name\" content=\"Nordic Dental Centre\" \/>\n<meta property=\"article:publisher\" content=\"https:\/\/www.facebook.com\/nordicdentalcentrefuengirola\/\" \/>\n<meta property=\"article:modified_time\" content=\"2025-11-04T12:33:12+00:00\" \/>\n<meta name=\"twitter:card\" content=\"summary_large_image\" \/>\n<meta name=\"twitter:label1\" content=\"Ber\u00e4knad l\u00e4stid\" \/>\n\t<meta name=\"twitter:data1\" content=\"4 minuter\" \/>\n<script type=\"application\/ld+json\" class=\"yoast-schema-graph\">{\"@context\":\"https:\/\/schema.org\",\"@graph\":[{\"@type\":\"WebPage\",\"@id\":\"https:\/\/nordicdentalcentre.com\/sv\/juridisk-information\/\",\"url\":\"https:\/\/nordicdentalcentre.com\/sv\/juridisk-information\/\",\"name\":\"Juridisk Information | Nordic Dental Centre\",\"isPartOf\":{\"@id\":\"https:\/\/nordicdentalcentre.com\/sv\/#website\"},\"datePublished\":\"2024-07-05T14:58:16+00:00\",\"dateModified\":\"2025-11-04T12:33:12+00:00\",\"description\":\"L\u00e4s v\u00e5r juridisk information f\u00f6r att f\u00f6rst\u00e5 webbplatsens villkor, ansvarsomr\u00e5den och officiella uppgifter f\u00f6r Nordic Dental Centre.\",\"breadcrumb\":{\"@id\":\"https:\/\/nordicdentalcentre.com\/sv\/juridisk-information\/#breadcrumb\"},\"inLanguage\":\"sv-SE\",\"potentialAction\":[{\"@type\":\"ReadAction\",\"target\":[\"https:\/\/nordicdentalcentre.com\/sv\/juridisk-information\/\"]}]},{\"@type\":\"BreadcrumbList\",\"@id\":\"https:\/\/nordicdentalcentre.com\/sv\/juridisk-information\/#breadcrumb\",\"itemListElement\":[{\"@type\":\"ListItem\",\"position\":1,\"name\":\"Home\",\"item\":\"https:\/\/nordicdentalcentre.com\/sv\/\"},{\"@type\":\"ListItem\",\"position\":2,\"name\":\"Juridiskt meddelande\"}]},{\"@type\":\"WebSite\",\"@id\":\"https:\/\/nordicdentalcentre.com\/sv\/#website\",\"url\":\"https:\/\/nordicdentalcentre.com\/sv\/\",\"name\":\"Nordic Dental Centre\",\"description\":\"\",\"publisher\":{\"@id\":\"https:\/\/nordicdentalcentre.com\/sv\/#organization\"},\"potentialAction\":[{\"@type\":\"SearchAction\",\"target\":{\"@type\":\"EntryPoint\",\"urlTemplate\":\"https:\/\/nordicdentalcentre.com\/sv\/?s={search_term_string}\"},\"query-input\":{\"@type\":\"PropertyValueSpecification\",\"valueRequired\":true,\"valueName\":\"search_term_string\"}}],\"inLanguage\":\"sv-SE\"},{\"@type\":\"Organization\",\"@id\":\"https:\/\/nordicdentalcentre.com\/sv\/#organization\",\"name\":\"Nordic Dental Centre\",\"url\":\"https:\/\/nordicdentalcentre.com\/sv\/\",\"logo\":{\"@type\":\"ImageObject\",\"inLanguage\":\"sv-SE\",\"@id\":\"https:\/\/nordicdentalcentre.com\/sv\/#\/schema\/logo\/image\/\",\"url\":\"https:\/\/nordicdentalcentre.com\/wp-content\/uploads\/2024\/06\/NDC-Full-Logo-black-border-LOW-RES-1-1.jpg\",\"contentUrl\":\"https:\/\/nordicdentalcentre.com\/wp-content\/uploads\/2024\/06\/NDC-Full-Logo-black-border-LOW-RES-1-1.jpg\",\"width\":877,\"height\":227,\"caption\":\"Nordic Dental Centre\"},\"image\":{\"@id\":\"https:\/\/nordicdentalcentre.com\/sv\/#\/schema\/logo\/image\/\"},\"sameAs\":[\"https:\/\/www.facebook.com\/nordicdentalcentrefuengirola\/\",\"https:\/\/www.instagram.com\/nordicdentalcentre\/\"]}]}<\/script>\n<!-- \/ Yoast SEO plugin. -->","yoast_head_json":{"title":"Juridisk Information | Nordic Dental Centre","description":"L\u00e4s v\u00e5r juridisk information f\u00f6r att f\u00f6rst\u00e5 webbplatsens villkor, ansvarsomr\u00e5den och officiella uppgifter f\u00f6r Nordic Dental Centre.","robots":{"index":"index","follow":"follow","max-snippet":"max-snippet:-1","max-image-preview":"max-image-preview:large","max-video-preview":"max-video-preview:-1"},"canonical":"https:\/\/nordicdentalcentre.com\/sv\/juridisk-information\/","og_locale":"sv_SE","og_type":"article","og_title":"Juridisk Information | Nordic Dental Centre","og_description":"L\u00e4s v\u00e5r juridisk information f\u00f6r att f\u00f6rst\u00e5 webbplatsens villkor, ansvarsomr\u00e5den och officiella uppgifter f\u00f6r Nordic Dental Centre.","og_url":"https:\/\/nordicdentalcentre.com\/sv\/juridisk-information\/","og_site_name":"Nordic Dental Centre","article_publisher":"https:\/\/www.facebook.com\/nordicdentalcentrefuengirola\/","article_modified_time":"2025-11-04T12:33:12+00:00","twitter_card":"summary_large_image","twitter_misc":{"Ber\u00e4knad l\u00e4stid":"4 minuter"},"schema":{"@context":"https:\/\/schema.org","@graph":[{"@type":"WebPage","@id":"https:\/\/nordicdentalcentre.com\/sv\/juridisk-information\/","url":"https:\/\/nordicdentalcentre.com\/sv\/juridisk-information\/","name":"Juridisk Information | Nordic Dental Centre","isPartOf":{"@id":"https:\/\/nordicdentalcentre.com\/sv\/#website"},"datePublished":"2024-07-05T14:58:16+00:00","dateModified":"2025-11-04T12:33:12+00:00","description":"L\u00e4s v\u00e5r juridisk information f\u00f6r att f\u00f6rst\u00e5 webbplatsens villkor, ansvarsomr\u00e5den och officiella uppgifter f\u00f6r Nordic Dental Centre.","breadcrumb":{"@id":"https:\/\/nordicdentalcentre.com\/sv\/juridisk-information\/#breadcrumb"},"inLanguage":"sv-SE","potentialAction":[{"@type":"ReadAction","target":["https:\/\/nordicdentalcentre.com\/sv\/juridisk-information\/"]}]},{"@type":"BreadcrumbList","@id":"https:\/\/nordicdentalcentre.com\/sv\/juridisk-information\/#breadcrumb","itemListElement":[{"@type":"ListItem","position":1,"name":"Home","item":"https:\/\/nordicdentalcentre.com\/sv\/"},{"@type":"ListItem","position":2,"name":"Juridiskt meddelande"}]},{"@type":"WebSite","@id":"https:\/\/nordicdentalcentre.com\/sv\/#website","url":"https:\/\/nordicdentalcentre.com\/sv\/","name":"Nordic Dental Centre","description":"","publisher":{"@id":"https:\/\/nordicdentalcentre.com\/sv\/#organization"},"potentialAction":[{"@type":"SearchAction","target":{"@type":"EntryPoint","urlTemplate":"https:\/\/nordicdentalcentre.com\/sv\/?s={search_term_string}"},"query-input":{"@type":"PropertyValueSpecification","valueRequired":true,"valueName":"search_term_string"}}],"inLanguage":"sv-SE"},{"@type":"Organization","@id":"https:\/\/nordicdentalcentre.com\/sv\/#organization","name":"Nordic Dental Centre","url":"https:\/\/nordicdentalcentre.com\/sv\/","logo":{"@type":"ImageObject","inLanguage":"sv-SE","@id":"https:\/\/nordicdentalcentre.com\/sv\/#\/schema\/logo\/image\/","url":"https:\/\/nordicdentalcentre.com\/wp-content\/uploads\/2024\/06\/NDC-Full-Logo-black-border-LOW-RES-1-1.jpg","contentUrl":"https:\/\/nordicdentalcentre.com\/wp-content\/uploads\/2024\/06\/NDC-Full-Logo-black-border-LOW-RES-1-1.jpg","width":877,"height":227,"caption":"Nordic Dental Centre"},"image":{"@id":"https:\/\/nordicdentalcentre.com\/sv\/#\/schema\/logo\/image\/"},"sameAs":["https:\/\/www.facebook.com\/nordicdentalcentrefuengirola\/","https:\/\/www.instagram.com\/nordicdentalcentre\/"]}]}},"uagb_featured_image_src":{"full":false,"thumbnail":false,"medium":false,"medium_large":false,"large":false,"1536x1536":false,"2048x2048":false,"qi_addons_for_elementor_image_size_square":false,"qi_addons_for_elementor_image_size_landscape":false,"qi_addons_for_elementor_image_size_portrait":false,"qi_addons_for_elementor_image_size_huge-square":false},"uagb_author_info":{"display_name":"Alexandra Fuentes","author_link":"https:\/\/nordicdentalcentre.com\/sv\/author\/alexandra\/"},"uagb_comment_info":0,"uagb_excerpt":"Juridisk information Juridisk information F\u00f6retagets namn: Handelsnamn: Registrerat kontor: Telefon: (+34) E-Mail: CIF \/ NIF: Objekt Leverant\u00f6ren, som ansvarar f\u00f6r webbplatsen, tillhandah\u00e5ller anv\u00e4ndarna detta dokument med vilket den avser att uppfylla de skyldigheter som fastst\u00e4lls i lag 34\/2002, om informationssamh\u00e4llets tj\u00e4nster och elektronisk handel (LSSI-CE), samt informera alla anv\u00e4ndare av webbplatsen om villkoren f\u00f6r anv\u00e4ndning&hellip;","_links":{"self":[{"href":"https:\/\/nordicdentalcentre.com\/sv\/wp-json\/wp\/v2\/pages\/4145","targetHints":{"allow":["GET"]}}],"collection":[{"href":"https:\/\/nordicdentalcentre.com\/sv\/wp-json\/wp\/v2\/pages"}],"about":[{"href":"https:\/\/nordicdentalcentre.com\/sv\/wp-json\/wp\/v2\/types\/page"}],"author":[{"embeddable":true,"href":"https:\/\/nordicdentalcentre.com\/sv\/wp-json\/wp\/v2\/users\/3"}],"replies":[{"embeddable":true,"href":"https:\/\/nordicdentalcentre.com\/sv\/wp-json\/wp\/v2\/comments?post=4145"}],"version-history":[{"count":4,"href":"https:\/\/nordicdentalcentre.com\/sv\/wp-json\/wp\/v2\/pages\/4145\/revisions"}],"predecessor-version":[{"id":6067,"href":"https:\/\/nordicdentalcentre.com\/sv\/wp-json\/wp\/v2\/pages\/4145\/revisions\/6067"}],"wp:attachment":[{"href":"https:\/\/nordicdentalcentre.com\/sv\/wp-json\/wp\/v2\/media?parent=4145"}],"curies":[{"name":"wp","href":"https:\/\/api.w.org\/{rel}","templated":true}]}}